{"id":101,"date":"2015-06-22T04:18:21","date_gmt":"2015-06-22T04:18:21","guid":{"rendered":"http:\/\/www.poesiadebettinarocha.com\/?page_id=101"},"modified":"2025-07-18T13:22:07","modified_gmt":"2025-07-18T13:22:07","slug":"2-2","status":"publish","type":"page","link":"https:\/\/www.poesiadebettinarocha.com.ar\/?page_id=101","title":{"rendered":"Poes\u00edas parte 2"},"content":{"rendered":"<p>1<\/p>\n<table style=\"width: 80.6039%;\">\n<tbody>\n<tr>\n<td style=\"width: 1.07817%;\"><\/td>\n<td style=\"width: 95.1482%;\">Una mujer se hamaca<br \/>\nal sol<br \/>\nel arenero ataja su sombra delgada<br \/>\nvaiv\u00e9n arrastra melod\u00eda<br \/>\ndesolada<br \/>\nse hamaca, con su hijo en la falda,<br \/>\nen c\u00f3mo cruza los brazos para<br \/>\nsostenerlo<br \/>\nse nota que el beb\u00e9 la ha sacado de<br \/>\nun infierno<br \/>\nel p\u00e9ndulo se mueve 5\u00b0 adelante<br \/>\n5\u00b0 atr\u00e1s<br \/>\ncin\u00e9tica de un engranaje<br \/>\nque funciona a carne y alma<br \/>\nDe la cadena cuelgan madre y ni\u00f1o<br \/>\nOscilando 10\u00b0 de ida y vuelta\u201dcuando volv\u00ed a mirar<br \/>\nla hamaca volaba solala mujer se alejaba<br \/>\nempujando un cochecito azul&nbsp;<\/p>\n<p>1<\/p>\n<p>A woman swings in the hammock<br \/>\nto the sun<br \/>\nthe sandbox captures her thin shadow<br \/>\nthe swaying drags<br \/>\na desolate melody<br \/>\nshe swings, with her baby on her lap,<br \/>\nby the way she crosses the arms to<br \/>\nhold him<br \/>\nyou realize that the baby took her out<br \/>\nof hell<br \/>\nthe pendulum moves 5\u00b0 forward<br \/>\n5\u00b0 back<br \/>\nKinetic of a gear<br \/>\nthat works with flesh and soul<br \/>\nfrom the chain hang mother and baby<br \/>\nranging 10 \u00b0 side to side\u201dwhen I saw again<br \/>\nthe hammock flyied alone<\/p>\n<p>the woman walked away<br \/>\npushing a blue baby car<\/td>\n<td style=\"width: 149.057%;\"><\/td>\n<\/tr>\n<\/tbody>\n<\/table>\n<p>&nbsp;<\/p>\n","protected":false},"excerpt":{"rendered":"<p>1 Una mujer se hamaca al sol el arenero ataja su sombra delgada vaiv\u00e9n arrastra melod\u00eda desolada se hamaca, con su hijo en la falda, en c\u00f3mo cruza los brazos para sostenerlo se nota que el beb\u00e9 la ha sacado de un infierno el p\u00e9ndulo se mueve 5\u00b0 adelante 5\u00b0 atr\u00e1s cin\u00e9tica de un engranaje&#8230;<\/p>\n","protected":false},"author":2,"featured_media":0,"parent":73,"menu_order":10,"comment_status":"closed","ping_status":"open","template":"","meta":{"footnotes":""},"class_list":["post-101","page","type-page","status-publish","hentry"],"_links":{"self":[{"href":"https:\/\/www.poesiadebettinarocha.com.ar\/index.php?rest_route=\/wp\/v2\/pages\/101","targetHints":{"allow":["GET"]}}],"collection":[{"href":"https:\/\/www.poesiadebettinarocha.com.ar\/index.php?rest_route=\/wp\/v2\/pages"}],"about":[{"href":"https:\/\/www.poesiadebettinarocha.com.ar\/index.php?rest_route=\/wp\/v2\/types\/page"}],"author":[{"embeddable":true,"href":"https:\/\/www.poesiadebettinarocha.com.ar\/index.php?rest_route=\/wp\/v2\/users\/2"}],"replies":[{"embeddable":true,"href":"https:\/\/www.poesiadebettinarocha.com.ar\/index.php?rest_route=%2Fwp%2Fv2%2Fcomments&post=101"}],"version-history":[{"count":7,"href":"https:\/\/www.poesiadebettinarocha.com.ar\/index.php?rest_route=\/wp\/v2\/pages\/101\/revisions"}],"predecessor-version":[{"id":631,"href":"https:\/\/www.poesiadebettinarocha.com.ar\/index.php?rest_route=\/wp\/v2\/pages\/101\/revisions\/631"}],"up":[{"embeddable":true,"href":"https:\/\/www.poesiadebettinarocha.com.ar\/index.php?rest_route=\/wp\/v2\/pages\/73"}],"wp:attachment":[{"href":"https:\/\/www.poesiadebettinarocha.com.ar\/index.php?rest_route=%2Fwp%2Fv2%2Fmedia&parent=101"}],"curies":[{"name":"wp","href":"https:\/\/api.w.org\/{rel}","templated":true}]}}