{"id":107,"date":"2015-06-22T04:24:02","date_gmt":"2015-06-22T04:24:02","guid":{"rendered":"http:\/\/www.poesiadebettinarocha.com\/?page_id=107"},"modified":"2025-07-18T13:34:45","modified_gmt":"2025-07-18T13:34:45","slug":"3-2","status":"publish","type":"page","link":"https:\/\/www.poesiadebettinarocha.com.ar\/?page_id=107","title":{"rendered":"3"},"content":{"rendered":"<table style=\"width: 99.21%; height: 1031px;\">\n<tbody>\n<tr style=\"height: 1031px;\">\n<td style=\"height: 1031px; width: 93.3798%;\">&nbsp;<\/p>\n<p>3<\/p>\n<p>\u201c Un cactus<br \/>\nen una maceta<br \/>\nse adue\u00f1a<br \/>\ndel living<br \/>\nel desierto,<br \/>\nun aire que no es de ac\u00e1<br \/>\nsopla en las palmeras<br \/>\nque no son de ac\u00e1\u201d\u201c<\/p>\n<p>Historias chinas<br \/>\nde mundos<br \/>\nsin hombres<br \/>\nflores flotando<br \/>\nen arroyos de<br \/>\nvino<br \/>\nbajan al delta<br \/>\ndel<br \/>\nbajo vientre\u201d<br \/>\nyo no conoc\u00eda esa canci\u00f3n, la de la Luna<\/p>\n<p>cantando a sus esclavos en las sombras duras<\/p>\n<p>&nbsp;<\/p>\n<p>3<\/p>\n<p>\u00abA cactus<br \/>\nin a flowerpot<br \/>\nthe desert<br \/>\ngets own<br \/>\nof the living room,<br \/>\nsome air that is not of here<br \/>\nblows in the palm trees<br \/>\nthat are not of here\u201d\u201c<\/p>\n<p>Chinese stories<br \/>\nabout worlds<br \/>\nwithout human<br \/>\nflowers floating<br \/>\nin streams of<br \/>\nwine<\/p>\n<p>flow into the delta<br \/>\nof the<br \/>\npubis\u201d<br \/>\nI didn\u2019t know that song, the one of Moon<\/p>\n<p>singing to her slaves in the hard shades<\/td>\n<td style=\"height: 1031px; width: 293.031%;\">\u201c<\/td>\n<\/tr>\n<\/tbody>\n<\/table>\n<p>&nbsp;<\/p>\n","protected":false},"excerpt":{"rendered":"<p>&nbsp; 3 \u201c Un cactus en una maceta se adue\u00f1a del living el desierto, un aire que no es de ac\u00e1 sopla en las palmeras que no son de ac\u00e1\u201d\u201c Historias chinas de mundos sin hombres flores flotando en arroyos de vino bajan al delta del bajo vientre\u201d yo no conoc\u00eda esa canci\u00f3n, la de&#8230;<\/p>\n","protected":false},"author":2,"featured_media":0,"parent":101,"menu_order":0,"comment_status":"closed","ping_status":"open","template":"","meta":{"footnotes":""},"class_list":["post-107","page","type-page","status-publish","hentry"],"_links":{"self":[{"href":"https:\/\/www.poesiadebettinarocha.com.ar\/index.php?rest_route=\/wp\/v2\/pages\/107","targetHints":{"allow":["GET"]}}],"collection":[{"href":"https:\/\/www.poesiadebettinarocha.com.ar\/index.php?rest_route=\/wp\/v2\/pages"}],"about":[{"href":"https:\/\/www.poesiadebettinarocha.com.ar\/index.php?rest_route=\/wp\/v2\/types\/page"}],"author":[{"embeddable":true,"href":"https:\/\/www.poesiadebettinarocha.com.ar\/index.php?rest_route=\/wp\/v2\/users\/2"}],"replies":[{"embeddable":true,"href":"https:\/\/www.poesiadebettinarocha.com.ar\/index.php?rest_route=%2Fwp%2Fv2%2Fcomments&post=107"}],"version-history":[{"count":4,"href":"https:\/\/www.poesiadebettinarocha.com.ar\/index.php?rest_route=\/wp\/v2\/pages\/107\/revisions"}],"predecessor-version":[{"id":635,"href":"https:\/\/www.poesiadebettinarocha.com.ar\/index.php?rest_route=\/wp\/v2\/pages\/107\/revisions\/635"}],"up":[{"embeddable":true,"href":"https:\/\/www.poesiadebettinarocha.com.ar\/index.php?rest_route=\/wp\/v2\/pages\/101"}],"wp:attachment":[{"href":"https:\/\/www.poesiadebettinarocha.com.ar\/index.php?rest_route=%2Fwp%2Fv2%2Fmedia&parent=107"}],"curies":[{"name":"wp","href":"https:\/\/api.w.org\/{rel}","templated":true}]}}