{"id":111,"date":"2015-06-22T04:26:14","date_gmt":"2015-06-22T04:26:14","guid":{"rendered":"http:\/\/www.poesiadebettinarocha.com\/?page_id=111"},"modified":"2025-07-18T13:44:18","modified_gmt":"2025-07-18T13:44:18","slug":"5-2","status":"publish","type":"page","link":"https:\/\/www.poesiadebettinarocha.com.ar\/?page_id=111","title":{"rendered":"5"},"content":{"rendered":"<table style=\"width: 91.1376%; height: 581px;\">\n<tbody>\n<tr style=\"height: 556px;\">\n<td style=\"width: 48.0418%; height: 556px;\">5<\/p>\n<p>Qui\u00e9n es<br \/>\nyo<br \/>\nque no soy yo<\/p>\n<p>Qui\u00e9n nutre con aire<br \/>\nmis pulmones<\/p>\n<p>Qui\u00e9n busca su savia<br \/>\nen mis sabores preferidos<\/p>\n<p>&nbsp;<\/td>\n<td style=\"width: 215.405%; height: 556px;\"><\/td>\n<\/tr>\n<\/tbody>\n<\/table>\n<p>5<\/p>\n<p>Whois<br \/>\nme<br \/>\nthat is not me<\/p>\n<p>Who does nourish with air<br \/>\nmy lungs<\/p>\n<p>Who does look for sap<br \/>\nin my favorite flavors<\/p>\n","protected":false},"excerpt":{"rendered":"<p>5 Qui\u00e9n es yo que no soy yo Qui\u00e9n nutre con aire mis pulmones Qui\u00e9n busca su savia en mis sabores preferidos &nbsp; 5 Whois me that is not me Who does nourish with air my lungs Who does look for sap in my favorite flavors<\/p>\n","protected":false},"author":2,"featured_media":0,"parent":101,"menu_order":0,"comment_status":"closed","ping_status":"open","template":"","meta":{"footnotes":""},"class_list":["post-111","page","type-page","status-publish","hentry"],"_links":{"self":[{"href":"https:\/\/www.poesiadebettinarocha.com.ar\/index.php?rest_route=\/wp\/v2\/pages\/111","targetHints":{"allow":["GET"]}}],"collection":[{"href":"https:\/\/www.poesiadebettinarocha.com.ar\/index.php?rest_route=\/wp\/v2\/pages"}],"about":[{"href":"https:\/\/www.poesiadebettinarocha.com.ar\/index.php?rest_route=\/wp\/v2\/types\/page"}],"author":[{"embeddable":true,"href":"https:\/\/www.poesiadebettinarocha.com.ar\/index.php?rest_route=\/wp\/v2\/users\/2"}],"replies":[{"embeddable":true,"href":"https:\/\/www.poesiadebettinarocha.com.ar\/index.php?rest_route=%2Fwp%2Fv2%2Fcomments&post=111"}],"version-history":[{"count":3,"href":"https:\/\/www.poesiadebettinarocha.com.ar\/index.php?rest_route=\/wp\/v2\/pages\/111\/revisions"}],"predecessor-version":[{"id":639,"href":"https:\/\/www.poesiadebettinarocha.com.ar\/index.php?rest_route=\/wp\/v2\/pages\/111\/revisions\/639"}],"up":[{"embeddable":true,"href":"https:\/\/www.poesiadebettinarocha.com.ar\/index.php?rest_route=\/wp\/v2\/pages\/101"}],"wp:attachment":[{"href":"https:\/\/www.poesiadebettinarocha.com.ar\/index.php?rest_route=%2Fwp%2Fv2%2Fmedia&parent=111"}],"curies":[{"name":"wp","href":"https:\/\/api.w.org\/{rel}","templated":true}]}}