{"id":115,"date":"2015-06-22T04:28:14","date_gmt":"2015-06-22T04:28:14","guid":{"rendered":"http:\/\/www.poesiadebettinarocha.com\/?page_id=115"},"modified":"2025-07-18T13:52:30","modified_gmt":"2025-07-18T13:52:30","slug":"7-2","status":"publish","type":"page","link":"https:\/\/www.poesiadebettinarocha.com.ar\/?page_id=115","title":{"rendered":"7"},"content":{"rendered":"<table style=\"width: 102.804%;\">\n<tbody>\n<tr>\n<td style=\"width: 95.5556%;\">7<\/p>\n<p>Los intestinos reposan enroscados<br \/>\nacostada boca arriba<br \/>\nLas voces suenan distintas<br \/>\nseg\u00fan la inflamaci\u00f3n de mis o\u00eddos<\/p>\n<p>seguir la recta de la intersecci\u00f3n del techo<br \/>\ny del cielorraso con la mirada<br \/>\nvolver a hacerlo no es lo mismo<\/p>\n<p>eso que llevabas en el pu\u00f1o<br \/>\ntan fuertemente agarrado<br \/>\n\u00bfEra una estrella,<br \/>\nun dolor, un fin?<br \/>\n\u00bfO era solo tu pu\u00f1o (bien cerrado)?<\/p>\n<p>7<\/p>\n<p>The intestines repose coiled<br \/>\nwhen I lay on my back<br \/>\nthe voices sound different<br \/>\naccording to my ears inflammation<\/p>\n<p>to cover with the sight the roof straight line<\/p>\n<p>intersectingwith\u00a0the ceiling<br \/>\nto see it again is not the same<\/p>\n<p>that what you carried in your fist<br \/>\nso strongly grasped<br \/>\nwas it a star,<br \/>\nan ache, an end?<br \/>\nOr was it just your fist ( so closed)?<\/td>\n<td style=\"width: 322.593%;\"><\/td>\n<\/tr>\n<\/tbody>\n<\/table>\n<p>&nbsp;<\/p>\n","protected":false},"excerpt":{"rendered":"<p>7 Los intestinos reposan enroscados acostada boca arriba Las voces suenan distintas seg\u00fan la inflamaci\u00f3n de mis o\u00eddos seguir la recta de la intersecci\u00f3n del techo y del cielorraso con la mirada volver a hacerlo no es lo mismo eso que llevabas en el pu\u00f1o tan fuertemente agarrado \u00bfEra una estrella, un dolor, un fin?&#8230;<\/p>\n","protected":false},"author":2,"featured_media":0,"parent":101,"menu_order":0,"comment_status":"closed","ping_status":"open","template":"","meta":{"footnotes":""},"class_list":["post-115","page","type-page","status-publish","hentry"],"_links":{"self":[{"href":"https:\/\/www.poesiadebettinarocha.com.ar\/index.php?rest_route=\/wp\/v2\/pages\/115","targetHints":{"allow":["GET"]}}],"collection":[{"href":"https:\/\/www.poesiadebettinarocha.com.ar\/index.php?rest_route=\/wp\/v2\/pages"}],"about":[{"href":"https:\/\/www.poesiadebettinarocha.com.ar\/index.php?rest_route=\/wp\/v2\/types\/page"}],"author":[{"embeddable":true,"href":"https:\/\/www.poesiadebettinarocha.com.ar\/index.php?rest_route=\/wp\/v2\/users\/2"}],"replies":[{"embeddable":true,"href":"https:\/\/www.poesiadebettinarocha.com.ar\/index.php?rest_route=%2Fwp%2Fv2%2Fcomments&post=115"}],"version-history":[{"count":3,"href":"https:\/\/www.poesiadebettinarocha.com.ar\/index.php?rest_route=\/wp\/v2\/pages\/115\/revisions"}],"predecessor-version":[{"id":643,"href":"https:\/\/www.poesiadebettinarocha.com.ar\/index.php?rest_route=\/wp\/v2\/pages\/115\/revisions\/643"}],"up":[{"embeddable":true,"href":"https:\/\/www.poesiadebettinarocha.com.ar\/index.php?rest_route=\/wp\/v2\/pages\/101"}],"wp:attachment":[{"href":"https:\/\/www.poesiadebettinarocha.com.ar\/index.php?rest_route=%2Fwp%2Fv2%2Fmedia&parent=115"}],"curies":[{"name":"wp","href":"https:\/\/api.w.org\/{rel}","templated":true}]}}