{"id":18,"date":"2015-03-06T18:55:17","date_gmt":"2015-03-06T18:55:17","guid":{"rendered":"http:\/\/localhost\/www.poesiadebettinarocha.com\/?page_id=18"},"modified":"2025-07-21T17:46:37","modified_gmt":"2025-07-21T17:46:37","slug":"sobre-mi","status":"publish","type":"page","link":"https:\/\/www.poesiadebettinarocha.com.ar\/?page_id=18","title":{"rendered":"Axerca del Sitio Poes\u00eda de Bettina Rocha"},"content":{"rendered":"<p>Los poema han sido escritos entre los a\u00f1os 2000 y 2010 y traducidos al idioma ingl\u00e9s<\/p>\n<p>para su publicaci\u00f3n en la web.<\/p>\n<p>En las actualizaciones de 2015 y 2016 han sido publicados los relatos Monumento, A Trav\u00e9s del Perfume<\/p>\n<p>y Alumbrado P\u00fablico.<\/p>\n<p>El cuento La Hu\u00edda de Argentina ha sido publicado en 2017.<\/p>\n<p>Mi proyecto en este sitio web continuar\u00e1 entregando m\u00e1s para leer<\/p>\n","protected":false},"excerpt":{"rendered":"<p>Los poema han sido escritos entre los a\u00f1os 2000 y 2010 y traducidos al idioma ingl\u00e9s para su publicaci\u00f3n en la web. En las actualizaciones de 2015 y 2016 han sido publicados los relatos Monumento, A Trav\u00e9s del Perfume y Alumbrado P\u00fablico. El cuento La Hu\u00edda de Argentina ha sido publicado en 2017. Mi proyecto&#8230;<\/p>\n","protected":false},"author":2,"featured_media":0,"parent":0,"menu_order":0,"comment_status":"closed","ping_status":"open","template":"","meta":{"footnotes":""},"class_list":["post-18","page","type-page","status-publish","hentry"],"_links":{"self":[{"href":"https:\/\/www.poesiadebettinarocha.com.ar\/index.php?rest_route=\/wp\/v2\/pages\/18","targetHints":{"allow":["GET"]}}],"collection":[{"href":"https:\/\/www.poesiadebettinarocha.com.ar\/index.php?rest_route=\/wp\/v2\/pages"}],"about":[{"href":"https:\/\/www.poesiadebettinarocha.com.ar\/index.php?rest_route=\/wp\/v2\/types\/page"}],"author":[{"embeddable":true,"href":"https:\/\/www.poesiadebettinarocha.com.ar\/index.php?rest_route=\/wp\/v2\/users\/2"}],"replies":[{"embeddable":true,"href":"https:\/\/www.poesiadebettinarocha.com.ar\/index.php?rest_route=%2Fwp%2Fv2%2Fcomments&post=18"}],"version-history":[{"count":4,"href":"https:\/\/www.poesiadebettinarocha.com.ar\/index.php?rest_route=\/wp\/v2\/pages\/18\/revisions"}],"predecessor-version":[{"id":657,"href":"https:\/\/www.poesiadebettinarocha.com.ar\/index.php?rest_route=\/wp\/v2\/pages\/18\/revisions\/657"}],"wp:attachment":[{"href":"https:\/\/www.poesiadebettinarocha.com.ar\/index.php?rest_route=%2Fwp%2Fv2%2Fmedia&parent=18"}],"curies":[{"name":"wp","href":"https:\/\/api.w.org\/{rel}","templated":true}]}}