{"id":28,"date":"2015-03-10T17:55:07","date_gmt":"2015-03-10T17:55:07","guid":{"rendered":"http:\/\/www.poesiadebettinarocha.com\/?page_id=28"},"modified":"2025-07-21T17:20:37","modified_gmt":"2025-07-21T17:20:37","slug":"inicio","status":"publish","type":"page","link":"https:\/\/www.poesiadebettinarocha.com.ar\/","title":{"rendered":"Inicio"},"content":{"rendered":"<div style=\"text-align: center;\"><\/div>\n<div><\/div>\n<div>Toc\u00e1 \u00abmen\u00fa\u00bb en la pantalla del dispositivo.<\/div>\n<div>Encontrar\u00e1s Poesias Parte 1, Parte 2 y Parte 3<\/div>\n<div>con los poemas en espa\u00f1ol y su traducci\u00f3n al ingl\u00e9s.<\/div>\n<div>Adem\u00e1s\u00a0 \u00abRelatos\u00bb, con los relatos en espa\u00f1ol Monumento, Alumbrado P\u00fablico y A Trav\u00e9s del Perfume.<\/div>\n<div>Y \u00abcuento\u00bb con\u00a0 La Hu\u00edda de Argentina.<\/div>\n<div>Toc\u00e1 \u00abacerca del sitio Poes\u00eda de Bettina Rocha\u00bb, con datos de la obra publicada.<\/div>\n<div>Y \u00abcontacto\u00bb con las redes sociales\u00a0 y e-mail.<\/div>\n<div><\/div>\n<div style=\"height: 200px;\">PAGINA WEB INSCRIPTA EN DIRECCION NACIONAL DEL DERECHO DE AUTOR EN OCTUBRE DE 2016.<\/div>\n<div style=\"height: 200px; text-align: justify;\"><\/div>\n<div style=\"height: 200px; text-align: justify;\"><\/div>\n","protected":false},"excerpt":{"rendered":"<p>Toc\u00e1 \u00abmen\u00fa\u00bb en la pantalla del dispositivo. Encontrar\u00e1s Poesias Parte 1, Parte 2 y Parte 3 con los poemas en espa\u00f1ol y su traducci\u00f3n al ingl\u00e9s. Adem\u00e1s\u00a0 \u00abRelatos\u00bb, con los relatos en espa\u00f1ol Monumento, Alumbrado P\u00fablico y A Trav\u00e9s del Perfume. Y \u00abcuento\u00bb con\u00a0 La Hu\u00edda de Argentina. Toc\u00e1 \u00abacerca del sitio Poes\u00eda de Bettina&#8230;<\/p>\n","protected":false},"author":2,"featured_media":0,"parent":0,"menu_order":0,"comment_status":"closed","ping_status":"open","template":"","meta":{"footnotes":""},"class_list":["post-28","page","type-page","status-publish","hentry"],"_links":{"self":[{"href":"https:\/\/www.poesiadebettinarocha.com.ar\/index.php?rest_route=\/wp\/v2\/pages\/28","targetHints":{"allow":["GET"]}}],"collection":[{"href":"https:\/\/www.poesiadebettinarocha.com.ar\/index.php?rest_route=\/wp\/v2\/pages"}],"about":[{"href":"https:\/\/www.poesiadebettinarocha.com.ar\/index.php?rest_route=\/wp\/v2\/types\/page"}],"author":[{"embeddable":true,"href":"https:\/\/www.poesiadebettinarocha.com.ar\/index.php?rest_route=\/wp\/v2\/users\/2"}],"replies":[{"embeddable":true,"href":"https:\/\/www.poesiadebettinarocha.com.ar\/index.php?rest_route=%2Fwp%2Fv2%2Fcomments&post=28"}],"version-history":[{"count":21,"href":"https:\/\/www.poesiadebettinarocha.com.ar\/index.php?rest_route=\/wp\/v2\/pages\/28\/revisions"}],"predecessor-version":[{"id":655,"href":"https:\/\/www.poesiadebettinarocha.com.ar\/index.php?rest_route=\/wp\/v2\/pages\/28\/revisions\/655"}],"wp:attachment":[{"href":"https:\/\/www.poesiadebettinarocha.com.ar\/index.php?rest_route=%2Fwp%2Fv2%2Fmedia&parent=28"}],"curies":[{"name":"wp","href":"https:\/\/api.w.org\/{rel}","templated":true}]}}