{"id":512,"date":"2025-07-10T20:09:36","date_gmt":"2025-07-10T20:09:36","guid":{"rendered":"https:\/\/www.poesiadebettinarocha.com.ar\/?page_id=512"},"modified":"2025-07-14T18:12:56","modified_gmt":"2025-07-14T18:12:56","slug":"5-2","status":"publish","type":"page","link":"https:\/\/www.poesiadebettinarocha.com.ar\/?page_id=512","title":{"rendered":"5"},"content":{"rendered":"<p>&nbsp;<\/p>\n<p>\u00bf Qu\u00e9 pas\u00f3 con los atardeceres<\/p>\n<p>rojos<\/p>\n<p>despu\u00e9s de que lloviera<\/p>\n<p>la noche el\u00e9ctrica ?<\/p>\n<p>&nbsp;<\/p>\n<p>Con los atardeceres<\/p>\n<p>nada pas\u00f3<\/p>\n<p>pero tus ojos<\/p>\n<p>parecen de piedra quemada<\/p>\n<p>&nbsp;<\/p>\n<p>5<\/p>\n<p>What did happen with the<\/p>\n<p>red evenings<\/p>\n<p>after it rainned<\/p>\n<p>the electric night ?<\/p>\n<p>&nbsp;<\/p>\n<p>With those evenings<\/p>\n<p>nothing happened<\/p>\n<p>but your eyes<\/p>\n<p>looks like a burned stone<\/p>\n","protected":false},"excerpt":{"rendered":"<p>&nbsp; \u00bf Qu\u00e9 pas\u00f3 con los atardeceres rojos despu\u00e9s de que lloviera la noche el\u00e9ctrica ? &nbsp; Con los atardeceres nada pas\u00f3 pero tus ojos parecen de piedra quemada &nbsp; 5 What did happen with the red evenings after it rainned the electric night ? &nbsp; With those evenings nothing happened but your eyes looks&#8230;<\/p>\n","protected":false},"author":2,"featured_media":0,"parent":501,"menu_order":0,"comment_status":"closed","ping_status":"closed","template":"","meta":{"footnotes":""},"class_list":["post-512","page","type-page","status-publish","hentry"],"_links":{"self":[{"href":"https:\/\/www.poesiadebettinarocha.com.ar\/index.php?rest_route=\/wp\/v2\/pages\/512","targetHints":{"allow":["GET"]}}],"collection":[{"href":"https:\/\/www.poesiadebettinarocha.com.ar\/index.php?rest_route=\/wp\/v2\/pages"}],"about":[{"href":"https:\/\/www.poesiadebettinarocha.com.ar\/index.php?rest_route=\/wp\/v2\/types\/page"}],"author":[{"embeddable":true,"href":"https:\/\/www.poesiadebettinarocha.com.ar\/index.php?rest_route=\/wp\/v2\/users\/2"}],"replies":[{"embeddable":true,"href":"https:\/\/www.poesiadebettinarocha.com.ar\/index.php?rest_route=%2Fwp%2Fv2%2Fcomments&post=512"}],"version-history":[{"count":3,"href":"https:\/\/www.poesiadebettinarocha.com.ar\/index.php?rest_route=\/wp\/v2\/pages\/512\/revisions"}],"predecessor-version":[{"id":573,"href":"https:\/\/www.poesiadebettinarocha.com.ar\/index.php?rest_route=\/wp\/v2\/pages\/512\/revisions\/573"}],"up":[{"embeddable":true,"href":"https:\/\/www.poesiadebettinarocha.com.ar\/index.php?rest_route=\/wp\/v2\/pages\/501"}],"wp:attachment":[{"href":"https:\/\/www.poesiadebettinarocha.com.ar\/index.php?rest_route=%2Fwp%2Fv2%2Fmedia&parent=512"}],"curies":[{"name":"wp","href":"https:\/\/api.w.org\/{rel}","templated":true}]}}