{"id":516,"date":"2025-07-10T20:10:53","date_gmt":"2025-07-10T20:10:53","guid":{"rendered":"https:\/\/www.poesiadebettinarocha.com.ar\/?page_id=516"},"modified":"2025-07-10T20:10:53","modified_gmt":"2025-07-10T20:10:53","slug":"7-2","status":"publish","type":"page","link":"https:\/\/www.poesiadebettinarocha.com.ar\/?page_id=516","title":{"rendered":"7"},"content":{"rendered":"<p>&nbsp;<\/p>\n<p>Es cierto<\/p>\n<p>no podemos regresar al hogar<\/p>\n<p>el hogar se quem\u00f3<\/p>\n<p>En sue\u00f1os grises aparecer\u00e1<\/p>\n<p>inundado<\/p>\n<p>pero se incendi\u00f3,<\/p>\n<p>tambi\u00e9n el cielo sobre \u00e9l<\/p>\n<p>las calles que llegaban ah\u00ed<\/p>\n<p>ahora llevan hasta el pie derecho<\/p>\n<p>de un gigante<\/p>\n<p>Hay que encontrar<\/p>\n<p>un nuevo<\/p>\n<p>lugar donde vivir<\/p>\n<p>7<\/p>\n<p>It\u2019s right<\/p>\n<p>we can\u2019t come back home<\/p>\n<p>home is burned out<\/p>\n<p>In grey dreams it will seem<\/p>\n<p>to be flooded<\/p>\n<p>but it burned out<\/p>\n<p>also the sky upon it<\/p>\n<p>the streets that arrived there<\/p>\n<p>arrive now to the right foot<\/p>\n<p>of a giant<\/p>\n<p>Must be found<\/p>\n<p>a new<\/p>\n<p>place to live<\/p>\n","protected":false},"excerpt":{"rendered":"<p>&nbsp; Es cierto no podemos regresar al hogar el hogar se quem\u00f3 En sue\u00f1os grises aparecer\u00e1 inundado pero se incendi\u00f3, tambi\u00e9n el cielo sobre \u00e9l las calles que llegaban ah\u00ed ahora llevan hasta el pie derecho de un gigante Hay que encontrar un nuevo lugar donde vivir 7 It\u2019s right we can\u2019t come back home&#8230;<\/p>\n","protected":false},"author":2,"featured_media":0,"parent":501,"menu_order":0,"comment_status":"closed","ping_status":"closed","template":"","meta":{"footnotes":""},"class_list":["post-516","page","type-page","status-publish","hentry"],"_links":{"self":[{"href":"https:\/\/www.poesiadebettinarocha.com.ar\/index.php?rest_route=\/wp\/v2\/pages\/516","targetHints":{"allow":["GET"]}}],"collection":[{"href":"https:\/\/www.poesiadebettinarocha.com.ar\/index.php?rest_route=\/wp\/v2\/pages"}],"about":[{"href":"https:\/\/www.poesiadebettinarocha.com.ar\/index.php?rest_route=\/wp\/v2\/types\/page"}],"author":[{"embeddable":true,"href":"https:\/\/www.poesiadebettinarocha.com.ar\/index.php?rest_route=\/wp\/v2\/users\/2"}],"replies":[{"embeddable":true,"href":"https:\/\/www.poesiadebettinarocha.com.ar\/index.php?rest_route=%2Fwp%2Fv2%2Fcomments&post=516"}],"version-history":[{"count":1,"href":"https:\/\/www.poesiadebettinarocha.com.ar\/index.php?rest_route=\/wp\/v2\/pages\/516\/revisions"}],"predecessor-version":[{"id":517,"href":"https:\/\/www.poesiadebettinarocha.com.ar\/index.php?rest_route=\/wp\/v2\/pages\/516\/revisions\/517"}],"up":[{"embeddable":true,"href":"https:\/\/www.poesiadebettinarocha.com.ar\/index.php?rest_route=\/wp\/v2\/pages\/501"}],"wp:attachment":[{"href":"https:\/\/www.poesiadebettinarocha.com.ar\/index.php?rest_route=%2Fwp%2Fv2%2Fmedia&parent=516"}],"curies":[{"name":"wp","href":"https:\/\/api.w.org\/{rel}","templated":true}]}}