{"id":520,"date":"2025-07-10T20:12:14","date_gmt":"2025-07-10T20:12:14","guid":{"rendered":"https:\/\/www.poesiadebettinarocha.com.ar\/?page_id=520"},"modified":"2025-07-10T20:12:14","modified_gmt":"2025-07-10T20:12:14","slug":"9-2","status":"publish","type":"page","link":"https:\/\/www.poesiadebettinarocha.com.ar\/?page_id=520","title":{"rendered":"9"},"content":{"rendered":"<p>&nbsp;<\/p>\n<p>El peso imposible<\/p>\n<p>de mi pu\u00f1o cuando quiere golpear<\/p>\n<p>la estrechez de los sentidos<\/p>\n<p>que lo quiere calcular<\/p>\n<p>pasar por una esquina<\/p>\n<p>escuchar aleteo de gaviotas<\/p>\n<p>esta noche<\/p>\n<p>una<\/p>\n<p>g\u00e1rgola<\/p>\n<p>o<\/p>\n<p>un \u00e1ngel<\/p>\n<p>ver\u00e1 salir la Luna<\/p>\n<p>9<\/p>\n<p>The impossible weight<\/p>\n<p>of my knock when \u00a0wants to hit<\/p>\n<p>the narrowness of the senses<\/p>\n<p>that wants to calculate it<\/p>\n<p>to walk by a corner<\/p>\n<p>to listen the fluttering gulls<\/p>\n<p>tonight<\/p>\n<p>a<\/p>\n<p>gargoyle<\/p>\n<p>or<\/p>\n<p>an angel<\/p>\n<p>will see the coming out of the Moon<\/p>\n","protected":false},"excerpt":{"rendered":"<p>&nbsp; El peso imposible de mi pu\u00f1o cuando quiere golpear la estrechez de los sentidos que lo quiere calcular pasar por una esquina escuchar aleteo de gaviotas esta noche una g\u00e1rgola o un \u00e1ngel ver\u00e1 salir la Luna 9 The impossible weight of my knock when \u00a0wants to hit the narrowness of the senses that&#8230;<\/p>\n","protected":false},"author":2,"featured_media":0,"parent":501,"menu_order":0,"comment_status":"closed","ping_status":"closed","template":"","meta":{"footnotes":""},"class_list":["post-520","page","type-page","status-publish","hentry"],"_links":{"self":[{"href":"https:\/\/www.poesiadebettinarocha.com.ar\/index.php?rest_route=\/wp\/v2\/pages\/520","targetHints":{"allow":["GET"]}}],"collection":[{"href":"https:\/\/www.poesiadebettinarocha.com.ar\/index.php?rest_route=\/wp\/v2\/pages"}],"about":[{"href":"https:\/\/www.poesiadebettinarocha.com.ar\/index.php?rest_route=\/wp\/v2\/types\/page"}],"author":[{"embeddable":true,"href":"https:\/\/www.poesiadebettinarocha.com.ar\/index.php?rest_route=\/wp\/v2\/users\/2"}],"replies":[{"embeddable":true,"href":"https:\/\/www.poesiadebettinarocha.com.ar\/index.php?rest_route=%2Fwp%2Fv2%2Fcomments&post=520"}],"version-history":[{"count":1,"href":"https:\/\/www.poesiadebettinarocha.com.ar\/index.php?rest_route=\/wp\/v2\/pages\/520\/revisions"}],"predecessor-version":[{"id":521,"href":"https:\/\/www.poesiadebettinarocha.com.ar\/index.php?rest_route=\/wp\/v2\/pages\/520\/revisions\/521"}],"up":[{"embeddable":true,"href":"https:\/\/www.poesiadebettinarocha.com.ar\/index.php?rest_route=\/wp\/v2\/pages\/501"}],"wp:attachment":[{"href":"https:\/\/www.poesiadebettinarocha.com.ar\/index.php?rest_route=%2Fwp%2Fv2%2Fmedia&parent=520"}],"curies":[{"name":"wp","href":"https:\/\/api.w.org\/{rel}","templated":true}]}}