{"id":522,"date":"2025-07-10T20:12:47","date_gmt":"2025-07-10T20:12:47","guid":{"rendered":"https:\/\/www.poesiadebettinarocha.com.ar\/?page_id=522"},"modified":"2025-07-10T20:12:47","modified_gmt":"2025-07-10T20:12:47","slug":"10-2","status":"publish","type":"page","link":"https:\/\/www.poesiadebettinarocha.com.ar\/?page_id=522","title":{"rendered":"10"},"content":{"rendered":"<p>10<\/p>\n<p>Al sol me desper\u00e9<\/p>\n<p>al sol<\/p>\n<p>y me hice cargo de la circunstancia de este cuerpo<\/p>\n<p>Mis pensamientos son como de carne<\/p>\n<p>mi fantas\u00eda es reino de piedra y estrellas<\/p>\n<p>donde el mismo amor me ama<\/p>\n<p>y donde nadie m\u00e1s<\/p>\n<p>lleno de m\u00ed este espacio hueco<\/p>\n<p>bajo el sol mi cuerpo<\/p>\n<p>10<\/p>\n<p>I woke up to the sun<\/p>\n<p>to the sun<\/p>\n<p>and I took over the circunstance of this body<\/p>\n<p>My thoughts are like the flesh<\/p>\n<p>my fantasy is kingdom of stone and stars<\/p>\n<p>where the own love loves me<\/p>\n<p>and where no one else<\/p>\n<p>I fill this hollow space with myself<\/p>\n<p>under the sun my body<\/p>\n","protected":false},"excerpt":{"rendered":"<p>10 Al sol me desper\u00e9 al sol y me hice cargo de la circunstancia de este cuerpo Mis pensamientos son como de carne mi fantas\u00eda es reino de piedra y estrellas donde el mismo amor me ama y donde nadie m\u00e1s lleno de m\u00ed este espacio hueco bajo el sol mi cuerpo 10 I woke&#8230;<\/p>\n","protected":false},"author":2,"featured_media":0,"parent":501,"menu_order":0,"comment_status":"closed","ping_status":"closed","template":"","meta":{"footnotes":""},"class_list":["post-522","page","type-page","status-publish","hentry"],"_links":{"self":[{"href":"https:\/\/www.poesiadebettinarocha.com.ar\/index.php?rest_route=\/wp\/v2\/pages\/522","targetHints":{"allow":["GET"]}}],"collection":[{"href":"https:\/\/www.poesiadebettinarocha.com.ar\/index.php?rest_route=\/wp\/v2\/pages"}],"about":[{"href":"https:\/\/www.poesiadebettinarocha.com.ar\/index.php?rest_route=\/wp\/v2\/types\/page"}],"author":[{"embeddable":true,"href":"https:\/\/www.poesiadebettinarocha.com.ar\/index.php?rest_route=\/wp\/v2\/users\/2"}],"replies":[{"embeddable":true,"href":"https:\/\/www.poesiadebettinarocha.com.ar\/index.php?rest_route=%2Fwp%2Fv2%2Fcomments&post=522"}],"version-history":[{"count":1,"href":"https:\/\/www.poesiadebettinarocha.com.ar\/index.php?rest_route=\/wp\/v2\/pages\/522\/revisions"}],"predecessor-version":[{"id":523,"href":"https:\/\/www.poesiadebettinarocha.com.ar\/index.php?rest_route=\/wp\/v2\/pages\/522\/revisions\/523"}],"up":[{"embeddable":true,"href":"https:\/\/www.poesiadebettinarocha.com.ar\/index.php?rest_route=\/wp\/v2\/pages\/501"}],"wp:attachment":[{"href":"https:\/\/www.poesiadebettinarocha.com.ar\/index.php?rest_route=%2Fwp%2Fv2%2Fmedia&parent=522"}],"curies":[{"name":"wp","href":"https:\/\/api.w.org\/{rel}","templated":true}]}}