{"id":536,"date":"2025-07-10T20:17:40","date_gmt":"2025-07-10T20:17:40","guid":{"rendered":"https:\/\/www.poesiadebettinarocha.com.ar\/?page_id=536"},"modified":"2025-07-10T20:17:40","modified_gmt":"2025-07-10T20:17:40","slug":"17-2","status":"publish","type":"page","link":"https:\/\/www.poesiadebettinarocha.com.ar\/?page_id=536","title":{"rendered":"17"},"content":{"rendered":"<p>&nbsp;<\/p>\n<p>Cada crep\u00fasculo<\/p>\n<p>la piel se aleja otro poco m\u00e1s<\/p>\n<p>cada crep\u00fasculo<\/p>\n<p>la carne se separa adormecida<\/p>\n<p>olvidada del alma por su propio bien<\/p>\n<p>cada vez m\u00e1s crep\u00fasculo<\/p>\n<p>se lleva m\u00e1s piel<\/p>\n<p>17<\/p>\n<p>Every twilight<\/p>\n<p>the skin goes away another bit more<\/p>\n<p>every twilight<\/p>\n<p>the numb flesh is separated<\/p>\n<p>forgotten of the soul for its own good<\/p>\n<p>everytime more twilight<\/p>\n<p>takes away more skin<\/p>\n","protected":false},"excerpt":{"rendered":"<p>&nbsp; Cada crep\u00fasculo la piel se aleja otro poco m\u00e1s cada crep\u00fasculo la carne se separa adormecida olvidada del alma por su propio bien cada vez m\u00e1s crep\u00fasculo se lleva m\u00e1s piel 17 Every twilight the skin goes away another bit more every twilight the numb flesh is separated forgotten of the soul for its&#8230;<\/p>\n","protected":false},"author":2,"featured_media":0,"parent":501,"menu_order":0,"comment_status":"closed","ping_status":"closed","template":"","meta":{"footnotes":""},"class_list":["post-536","page","type-page","status-publish","hentry"],"_links":{"self":[{"href":"https:\/\/www.poesiadebettinarocha.com.ar\/index.php?rest_route=\/wp\/v2\/pages\/536","targetHints":{"allow":["GET"]}}],"collection":[{"href":"https:\/\/www.poesiadebettinarocha.com.ar\/index.php?rest_route=\/wp\/v2\/pages"}],"about":[{"href":"https:\/\/www.poesiadebettinarocha.com.ar\/index.php?rest_route=\/wp\/v2\/types\/page"}],"author":[{"embeddable":true,"href":"https:\/\/www.poesiadebettinarocha.com.ar\/index.php?rest_route=\/wp\/v2\/users\/2"}],"replies":[{"embeddable":true,"href":"https:\/\/www.poesiadebettinarocha.com.ar\/index.php?rest_route=%2Fwp%2Fv2%2Fcomments&post=536"}],"version-history":[{"count":1,"href":"https:\/\/www.poesiadebettinarocha.com.ar\/index.php?rest_route=\/wp\/v2\/pages\/536\/revisions"}],"predecessor-version":[{"id":537,"href":"https:\/\/www.poesiadebettinarocha.com.ar\/index.php?rest_route=\/wp\/v2\/pages\/536\/revisions\/537"}],"up":[{"embeddable":true,"href":"https:\/\/www.poesiadebettinarocha.com.ar\/index.php?rest_route=\/wp\/v2\/pages\/501"}],"wp:attachment":[{"href":"https:\/\/www.poesiadebettinarocha.com.ar\/index.php?rest_route=%2Fwp%2Fv2%2Fmedia&parent=536"}],"curies":[{"name":"wp","href":"https:\/\/api.w.org\/{rel}","templated":true}]}}