{"id":556,"date":"2025-07-10T20:32:20","date_gmt":"2025-07-10T20:32:20","guid":{"rendered":"https:\/\/www.poesiadebettinarocha.com.ar\/?page_id=556"},"modified":"2025-07-10T20:32:20","modified_gmt":"2025-07-10T20:32:20","slug":"alumbrado-publico","status":"publish","type":"page","link":"https:\/\/www.poesiadebettinarocha.com.ar\/?page_id=556","title":{"rendered":"Alumbrado P\u00fablico"},"content":{"rendered":"<p>No pod\u00e9s hablar mal del semejante. Pero en el bar se sientan a tomar un trago, putean al choferr del colectivo que pasa y pagan para levantarse. Ristras de ajos para los vampiros y crucifijos para subir al cielo, la moda del mill\u00f3n ya pas\u00f3, en Alemania, en Jap\u00f3n, en Am\u00e9rica del Sur, hace un siglo o hace seis siglos.<\/p>\n<p>El impulso me saca a la calle, movilizo la oraci\u00f3n de caminar al sol, me enredo en el viento que corre con ruidos y palabras. Sonajero de aire libre.<\/p>\n<p>El altibajo de hoy me saca del hogar, asomo la cara, lejos de ir hacia el mar, agarro para el lado de la avenida. Circulan los autos, m\u00e1s r\u00e1pidos que yo, me ganan. \u00bfqu\u00e9 juego me entretiene? cuento los faroles \u00a0p\u00fablicos apagados. La oscuridad que provoca la cerraz\u00f3n de las paredes har\u00e1 que se enciendan ante la luz de las estrellas.<\/p>\n<p>Al paso de la caminata el \u00e1rbol del verano anuncia a blanca flor su fruto, se vienen los duraznos. Esa alegr\u00eda es para los p\u00e1jaros.<\/p>\n<p>Quien marcha y continua, yo, apoyo en mi espalda los faroles que cuento, el n\u00famero que aumenta y me acompa\u00f1a. Tambi\u00e9n aumenta la concurrencia en la proximidad de la avenida.<\/p>\n<p>Las buenas madres se peinaron hace dos horas all\u00e1 en su barrio, \u00a0y cambiaron los ejes chirriosos de sus changos\u00a0por el zumbido del aire climatizado de las galer\u00edas,Su gasto, a su regreso, se habr\u00e1 convertido en el deseado paquete que quer\u00edan conseguir.<\/p>\n<p>Doblo en la transversal, la avenida \u00a0me impone sus 4 carriles de una sola mano,maquillada para un d\u00eda m\u00e1s.<\/p>\n<p>Presto atenci\u00f3n a las fragancias de los pisos limpios, lavanda, frutal, bosques perfumados atiendo a las letras en los carteles \u00a0\u00a1son tan grandes! la consecuencia del barullo y la velocidad. La ilusi\u00f3n que se desarm\u00f3 en mi departamento cuando me puse los zapatos ( o tal vez la esperanza que alberga el hueco de la ilusi\u00f3n rota) viene sola, yo no la llamo. Para endulzarme pesta\u00f1eo y miro el reflejo chato y transparente en la vidriera, una mujer va hacia la izquierda grabando un mensaje de voz, un hombre camina hacia la derecha con sus auriculares en las orejas. Un camarero carism\u00e1tico \u00a0rodea la mesa y levanta los platitos, en el caf\u00e9. Un grupo de tres mujeres y un nene coronan la entrada de un comercio, muy poquito le interesa la campera que le est\u00e1n eligiendo, el nene apunta su perfil a un hombre y una mujer que pasan alternando palabras en voz baja,. La pareja va andando unos metros delante de m\u00ed, con la seguridad de 4 ojos cruzan la calle, yo me detengo en el cord\u00f3n, veo que no dobla alg\u00fan apurado, otra mirada por si arranca uno estacionado,<\/p>\n<p>Donde el tom\u00e1 y d\u00e1me deja la certeza de algo entre las manos por hoy me entrega un paseo que en 10 cuadras se acaba. Sonr\u00eco, las alcantarillas llueven al rev\u00e9s un vapor podrido. Somos esto, una decoraci\u00f3n que cubre tuber\u00edas de desag\u00fce de excrementos inmundos. Nos gusta el satin y la laca si es otro el que mete el brazo abajo de la tierra para destapar las cloacas.<\/p>\n<p>Subo el cord\u00f3n y dejo que los autos pasen. En voz de mujer y en voz de hombre saltan las palabras de la murmuraci\u00f3n de frases gastadas, junto en mi entender como una lista de repetidos barato, menta, sorpresa, tarde, examen. \u00a0La timidez de las \u00a0casitas de rejas y portones cerrados del barrio de las diagonales fuerza un retorno, las vidrieras dan media vuelta.<\/p>\n<p>Sobre el mantel de la mesa del caf\u00e9, una flor que no dej\u00e9 ve un cuadrado negro, me prometo una buena taza de caf\u00e9 con mi compa\u00f1ero en la oficina. Yo, junto a miles m\u00e1s, distraemos alguna amargura y esa camisa y esa pulsera que compro para vestirme de otro d\u00eda con mejor suerte, me alcanza.<\/p>\n<p>Creo en las batallas, en las luchas y el triunfo, pero desconf\u00edo de las marchas militares re-tocadas al servicio de cualquier general. Como las canciones cansadas de te amo, te necesito, te extra\u00f1o, exhalan un aliento cansado que no llena ning\u00fan molde.<\/p>\n<p>Antes de entrar al trabajo un saludo nos enfrenta en el bullicio del traj\u00edn colectivo, con b\u00e1sicas frases (que otro d\u00eda, con m\u00e1s tiempo, seguimos charlando, nos encontramos), todos igual transitamos apegados a citas y horarios.<\/p>\n<p>Despu\u00e9s del trabajo, luzco mediocre. Dejo parada a mis espaldas la fila del colectivo. Tan corriente es la paga, un surco de trato correcto con tr\u00e1mite seguro, que decido soltarme de las ideas de la ventanilla del viaje. El pr\u00f3cer puso la cara en el billete para dormir en oficinas cerradas, vac\u00edas, apagadas.<\/p>\n<p>A la retaguardia de un diezmado irse por las tardes, mi salida es al borde de las 8.<\/p>\n<p>Escuch\u00e1, la noche es blanda<\/p>\n<p>\u00bfte cabe esta tonada<\/p>\n<p>apoyada en mi voz?<\/p>\n<p>Fue un d\u00eda liviano<\/p>\n<p>porque te quiero bien<\/p>\n<p>Los d\u00eda son livianos<\/p>\n<p>Escuch\u00e1, se marca con<\/p>\n<p>los pies \u00a1pan, pan, pan!<\/p>\n<p>Tu contestaci\u00f3n \u00a1queso!<\/p>\n<p>\u00a1Pan!<\/p>\n<p>Acord\u00e1te,<\/p>\n<p>el d\u00eda liviano<\/p>\n<p>\u00a1pan, queso, pan, queso!<\/p>\n<p>\u00bfqui\u00e9n pisar\u00e1 a qui\u00e9n?<\/p>\n","protected":false},"excerpt":{"rendered":"<p>No pod\u00e9s hablar mal del semejante. Pero en el bar se sientan a tomar un trago, putean al choferr del colectivo que pasa y pagan para levantarse. Ristras de ajos para los vampiros y crucifijos para subir al cielo, la moda del mill\u00f3n ya pas\u00f3, en Alemania, en Jap\u00f3n, en Am\u00e9rica del Sur, hace un&#8230;<\/p>\n","protected":false},"author":2,"featured_media":0,"parent":0,"menu_order":0,"comment_status":"closed","ping_status":"closed","template":"","meta":{"footnotes":""},"class_list":["post-556","page","type-page","status-publish","hentry"],"_links":{"self":[{"href":"https:\/\/www.poesiadebettinarocha.com.ar\/index.php?rest_route=\/wp\/v2\/pages\/556","targetHints":{"allow":["GET"]}}],"collection":[{"href":"https:\/\/www.poesiadebettinarocha.com.ar\/index.php?rest_route=\/wp\/v2\/pages"}],"about":[{"href":"https:\/\/www.poesiadebettinarocha.com.ar\/index.php?rest_route=\/wp\/v2\/types\/page"}],"author":[{"embeddable":true,"href":"https:\/\/www.poesiadebettinarocha.com.ar\/index.php?rest_route=\/wp\/v2\/users\/2"}],"replies":[{"embeddable":true,"href":"https:\/\/www.poesiadebettinarocha.com.ar\/index.php?rest_route=%2Fwp%2Fv2%2Fcomments&post=556"}],"version-history":[{"count":1,"href":"https:\/\/www.poesiadebettinarocha.com.ar\/index.php?rest_route=\/wp\/v2\/pages\/556\/revisions"}],"predecessor-version":[{"id":558,"href":"https:\/\/www.poesiadebettinarocha.com.ar\/index.php?rest_route=\/wp\/v2\/pages\/556\/revisions\/558"}],"wp:attachment":[{"href":"https:\/\/www.poesiadebettinarocha.com.ar\/index.php?rest_route=%2Fwp%2Fv2%2Fmedia&parent=556"}],"curies":[{"name":"wp","href":"https:\/\/api.w.org\/{rel}","templated":true}]}}