{"id":559,"date":"2025-07-10T20:32:56","date_gmt":"2025-07-10T20:32:56","guid":{"rendered":"https:\/\/www.poesiadebettinarocha.com.ar\/?page_id=559"},"modified":"2025-07-10T20:32:56","modified_gmt":"2025-07-10T20:32:56","slug":"monumento","status":"publish","type":"page","link":"https:\/\/www.poesiadebettinarocha.com.ar\/?page_id=559","title":{"rendered":"Monumento"},"content":{"rendered":"<p>Las caras tibias en una mesa, el ambiente de paredes con vista vedada, responden a la necesidad humana de la compa\u00f1\u00eda. Construcci\u00f3n actual, en distintos niveles, lo com\u00fan es eso: una mesa en el cubo: salida, una puerta deslizable.<\/p>\n<p>Ya no hay ciudades con\u00a0subte colectivo o auto que lleven al individuo \u00a0 por las calles, con breves paradas en lo de Perez o en el bar.\u00a0Convertido actual a prueba de radioactividad, 12 monumentos de 2,5 Km (edificios incomunicados y muy distanciados) contienen a la sociedad.<\/p>\n<p>La mesa entrega dos invitaciones.\u00a0Lo motiv\u00f3 subir, a\u00a0\u00a0\u00abrehabilitaci\u00f3n en un mundo sin aire libre\u00bb ,en el nivel de abajo se juntar\u00edan para el trabajo de acomodaci\u00f3n de los d\u00edas seg\u00fan actividades personales. Arriba era m\u00e1s subjetivo.<\/p>\n<p>En un cubo con todo a la vista se sac\u00f3 la gorra \u00a0y dio unas vueltas hasta que la apoy\u00f3 en las almohadas, y se irgui\u00f3- la mirada en alto- junt\u00f3 sus dedos detr\u00e1s del cuello, y sali\u00f3, \u00a0otros se unen en el trayecto que separa el reactor hacia el nivel asignado, para no perder su metiere en los paseos del piso..<\/p>\n<p>De nuevo el reactor le se\u00f1ala la direcci\u00f3n, continua andando hasta llegar a la plataforma arriba. Parado sobre la rampa frente a la plataforma suma un n\u00famero junto a la silueta humana de la gran puerta, 342 en nivel de rehabilitaci\u00f3n, arriba.<\/p>\n<p>En la altura del piso los cubos llegan al tercio. En todos pasa plataforma arriba y plataforma abajo. Los niveles de salida conjunta desactivan el reactor que queda cargado con el regreso.<\/p>\n<p>Peque\u00f1a espera, se anuncia plataforma arriba, deslizando puerta.. Entra el grupo del piso, se acercan al nivel, all\u00ed hay l\u00edmites amplios, no es parcelado . Salen al nivel se integran a rondas que empezaron el di\u00e1logo..<\/p>\n<p>Pies seguros y una postura suelta, se queda escuchando. Habla Bebi,- la conoci\u00f3 en una ronda pasada- sobre c\u00f3mo cambi\u00f3 su actividad diurna para evitar despertarse con un ruido imaginario un pipipipi que la pon\u00eda en vigilia en medio de un silencio sin ecos. Abandon\u00f3 la bebida caliente, aument\u00f3 a 600 cm3 el gel y cambi\u00f3 la iluminaci\u00f3n del cubo a \u00a0sombra a sus espaldas. Baja los p\u00e1rpados Bebi, acab\u00f6 de hablar.<\/p>\n<p>Plataforma abajo trajo otro n\u00famero de personas. Alcanzan las \u00a0rondas m\u00e1s cercanas o las m\u00e1s alejadas\u00a0La pausa, se suman cuatro. Otro gesticula, se llama Cesi, adelanta unas palabras sobre el miedo a los vegetales comestibles del cultivo. No les teme a todos porque los de color verde los come y digiere, anaranjados rojos y amarillos no es igual: los traga, no lo llenan, el plato con hojas verdes progres\u00f3. Lo descubre en la \u00faltima ronda de rehabilitaci\u00f3n y cambia \u00a0a alimento gel y barra de masticaci\u00f3n en 10 porciones. Cabecea, lento baja la mirada.<\/p>\n<p>\u2013 Soy Mila, practico ejercicios en el piso de interpretaci\u00f3n de la realidad. \u00a0Hoy busco cambiar mi enfoque para pensar en adelante. Hemos practicado la interpretaci\u00f3n de la realidad \u00abfuga hacia la orilla del r\u00edo\u00bb, el tramo fue superado con correcci\u00f3n a partir de la puerta abierta, sin querer (somos 24) encontramos el tubo \u00a0sin vigilancia, nos metimos, sumergidos en gel todo menos la cara, de pie y caminando complet\u00e9 los 2 Km para llegar al bosque a la orilla del r\u00edo,. Todo el grupo dirigimos la atenci\u00f3n al bosque: arbustos enredados a media altura humana, se avanza caminando en cuclillas, sin engancharse con las ramas. No visualic\u00e9 lo siguiente, los otros s\u00ed vieron c\u00f3mo adentrarse entre las ramas. Yo solo recordaba el tubo y a m\u00ed caminando all\u00ed adentro \u00a0El grupo completar\u00e1 conmigo \u00a0la interpretaci\u00f3n de la fuga. Sin mi enfoque hacia adelante no completamos la pr\u00e1ctica, \u00a0hace falta que entre a ese bosque para llegar con todos a la orilla del r\u00edo.<\/p>\n<p>Tom\u00f3 aire y levant\u00f3 los hombros, es Lezi, el busc\u00f3 en la mesa y acept\u00f3 la invitaci\u00f3n nivel de rehabilitaci\u00f3n no sabe porqu\u00e9. Al retirar el reactor record\u00f3 que otra invitaci\u00f3n hab\u00eda llegado as\u00ed a su mano derecha, record\u00f3 haberse visto -tambi\u00e9n como hoy- sin raz\u00f3n movilizado. Volver\u00e1 al cubo y pensar\u00e1 en ocuparse con la actividad laboral que a \u00e9l le toca este a\u00f1o : reposici\u00f3n de minerales en reciclado n\u00famero 20. Encogi\u00f3 los hombros y junt\u00f3 las manos en la espalda.<\/p>\n<p>Los casos son sus vidas. Los di\u00e1logos escasean. Unitarios, sin monologar exponen qu\u00e9 viven. En todo el nivel cada ronda emite un timbre un tono de hombre y de mujer, ellos est\u00e1n buscando la \u00f3ptima forma de sobrellevar sus casos.<\/p>\n<p>Ya todos lo dijeron, se divertir\u00e1n en los juegos de 10 individuos, luces choques saltos y evasiones: se tocan se enganchan, un poco les recuerda al instinto de correr al sol (una impresi\u00f3n que no se ha borrado). Los juegos terminan, cambia la atenci\u00f3n de las personas hacia la altura de 200 mts., hacia el invisible fondo que es el techo, 2 Km2 \u00a0o m\u00e1s de superficie con densas humedades coloreadas e iluminadas, p\u00e1lidas intensas encandiladoras. Para calmar los miedos o contener los casos, solamente hay que mirar el techo. Entre nucas que se doblan y p\u00f3mulos que se elevan, las bocas entreabiertas en expresiones de suspiros, gemidos, silencios de sonrisa, con una mano apoyada en el pecho, con las dos en la ingle, con los pu\u00f1os a los costados de la cadera, se dejan a las sensaciones bajo el falso cielo. Se apaga. La rehabilitaci\u00f3n de hoy concluy\u00f3.<\/p>\n<p>Como las generaciones anteriores, ellos crecieron sin padre ni madre.. Los recursos del di\u00e1logo, la preferencia de los gustos, la seguridad para tomar decisiones, los des\u00f3rdenes que derivan de los afectos profundos, el fracaso o el \u00e9xito frente al otro han ido desapareciendo de la humanidad.<\/p>\n<p>,Baj\u00f3 al piso y entr\u00f3 al cubo. Marcar\u00eda su siguiente paseo despu\u00e9s de acomodar su recuerdo del encuentro del nivel de rehabilitaci\u00f3n, insert\u00f3 el reactor a la mesa para escuchar su propio caso.<\/p>\n<p>En un ambiente sin ecos fluye sin ni siquiera una brisa el aire que produce el edificio por los cultivos del subsuelo y por las napas de agua bajamente contaminadas<\/p>\n<p>Ya la puerta se desliza, a pasos apurados sale, 4 Km guiados para devolverlo al cubo: gran curva hacia la derecha \u00a01 Km, detenido vira a la izquierda, otro kil\u00f3metro de curva hacia la derecha, y dos curvas m\u00e1s \u00bfqu\u00e9 dibuj\u00f3 su paseo? un tr\u00e9bol de 4 hojas invertido.<\/p>\n<p>\u2013 \u00a1Es una diversi\u00f3n hacer esto! \u2013 sonr\u00ede<\/p>\n<p>En las almohadas se despereza, camin\u00f3 como para beber 100 cm3 de gel. Satisfecho se despereza otra vez. En d\u00edas pr\u00f3ximos la mesa va a exhibir los compa\u00f1eros de paseo seg\u00fan su rendimiento, son otros del piso.<\/p>\n<p>Los hombres y las mujeres habitantes de la Tierra viven y trabajan en el edificio para recuperar la bi\u00f3sfera equilibrada.<\/p>\n<p>No les dijeron qu\u00e9 son los bosques o las plazas, los mares o las playas, que alguna generaci\u00f3n tendr\u00e1 la suerte de volver al aire libre, cuando los radares de los 12 monumentos den la alerta en la baja de la contaminaci\u00f3n.<\/p>\n<p>Las gestaciones desarrollan una y otra vez un pueblo capaz de producir y procesar alimentos s\u00f3lidos, derivar gases y org\u00e1nicos que reciclan. Los otros hombres de antes los dejaron en la ignorancia del otro mundo m\u00e1s all\u00e1 del monumento, del trabajo que los lleva a la salida al aire libre, ahora o en 100 generaciones m\u00e1s.<\/p>\n","protected":false},"excerpt":{"rendered":"<p>Las caras tibias en una mesa, el ambiente de paredes con vista vedada, responden a la necesidad humana de la compa\u00f1\u00eda. Construcci\u00f3n actual, en distintos niveles, lo com\u00fan es eso: una mesa en el cubo: salida, una puerta deslizable. Ya no hay ciudades con\u00a0subte colectivo o auto que lleven al individuo \u00a0 por las calles,&#8230;<\/p>\n","protected":false},"author":2,"featured_media":0,"parent":0,"menu_order":0,"comment_status":"closed","ping_status":"closed","template":"","meta":{"footnotes":""},"class_list":["post-559","page","type-page","status-publish","hentry"],"_links":{"self":[{"href":"https:\/\/www.poesiadebettinarocha.com.ar\/index.php?rest_route=\/wp\/v2\/pages\/559","targetHints":{"allow":["GET"]}}],"collection":[{"href":"https:\/\/www.poesiadebettinarocha.com.ar\/index.php?rest_route=\/wp\/v2\/pages"}],"about":[{"href":"https:\/\/www.poesiadebettinarocha.com.ar\/index.php?rest_route=\/wp\/v2\/types\/page"}],"author":[{"embeddable":true,"href":"https:\/\/www.poesiadebettinarocha.com.ar\/index.php?rest_route=\/wp\/v2\/users\/2"}],"replies":[{"embeddable":true,"href":"https:\/\/www.poesiadebettinarocha.com.ar\/index.php?rest_route=%2Fwp%2Fv2%2Fcomments&post=559"}],"version-history":[{"count":1,"href":"https:\/\/www.poesiadebettinarocha.com.ar\/index.php?rest_route=\/wp\/v2\/pages\/559\/revisions"}],"predecessor-version":[{"id":561,"href":"https:\/\/www.poesiadebettinarocha.com.ar\/index.php?rest_route=\/wp\/v2\/pages\/559\/revisions\/561"}],"wp:attachment":[{"href":"https:\/\/www.poesiadebettinarocha.com.ar\/index.php?rest_route=%2Fwp%2Fv2%2Fmedia&parent=559"}],"curies":[{"name":"wp","href":"https:\/\/api.w.org\/{rel}","templated":true}]}}