{"id":562,"date":"2025-07-10T20:33:34","date_gmt":"2025-07-10T20:33:34","guid":{"rendered":"https:\/\/www.poesiadebettinarocha.com.ar\/?page_id=562"},"modified":"2025-07-10T20:33:34","modified_gmt":"2025-07-10T20:33:34","slug":"a-traves-del-perfume","status":"publish","type":"page","link":"https:\/\/www.poesiadebettinarocha.com.ar\/?page_id=562","title":{"rendered":"A trav\u00e9s del Perfume"},"content":{"rendered":"<p>A trav\u00e9s del perfume, con copia de sonrisa (porque no era a quien \u00a0ella esperaba) desenfund\u00f3 presencia y le anul\u00f3 el bosquejo que ten\u00eda dibujado al elegir la ropa.<\/p>\n<p>Por llegar a tiempo otro se encontr\u00f3 con la conversaci\u00f3n lubricada \u00bfqui\u00e9n sabe de cu\u00e1l de los dos es la parada?<\/p>\n<p>A pesar de la cabala, la costumbre de tardarse un poco m\u00e1s no rindi\u00f3, y en 1,2 el otro le trag\u00f3 la sonrisa<\/p>\n<p>la chica<\/p>\n<p>las ganas<\/p>\n<p>En una vuelta de pueblo, \u00a0la noche\u00a0situ\u00f3 a una sorprendida un vivo y un dormido. La ilusi\u00f3n en un embudo,: \u00a0ella entra al boliche. Porque el mi\u00e9rcoles compr\u00f3 esas medias esta noche las lleva puestas: las piernas m\u00e1s lindas. Desde que dej\u00f3 su departamento, no volvi\u00f3 a mirarse en el espejo, normal se acerca a la mesa con conocidos, se arrima al gesto com\u00fan de saludar y \u00a0esperar a que le hagan un lugar. Ella habla recorre las caras, continua \u00a0sentada el gesto de las manos, dice \u00aby pas\u00e9 por el bar de la costa y no hab\u00eda ni el loro\u00bb<\/p>\n<p>En el bullicio hay risas que sobresalen, ramilletes a tiempo que levantan y sostienen la pared. Afuera las hojas secas rascan las veredas y es todo lo que se mueve. Y un hombre caminando hacia el bar, se acerca, entra saluda a uno, a dos, no les cuenta que anda s\u00f3lo hoy, que el otro fin de semana fue un shock y a\u00fan no sabe qu\u00e9 hizo ni con quienes, que hoy s\u00f3lo busca una pista donde tocar tierra. Se lo nota prolijo, se sienta en un banco alto.<\/p>\n<p>El est\u00e1 en la primera vuelta,, \u00a0en la mesa,con otros piden de a poco. Sube el vaso clava recta la mirada, \u00a0atr\u00e1s del sorbo se asoma un fondo con mujer sola que saluda junto a la mesa, sabe su nombre. El larga el ritual, una cuadrilla de tres cuartos de hora,: posa perfil, callado, deja que otros hablen, presta atenci\u00f3n \u2013 pero solo \u00a0est\u00e1 proyectando terminar el trago o pedir el siguiente. Rasgos nobles, posa. \u00a0El rito le dar\u00e1, en media hora, la simp\u00e1tica dulce voz del corte de pelo de ayer m\u00e1s el cuello y los hombros del gimnasio, se levantar\u00e1 y la saludar\u00e1, normal como ella. Piden otra vuelta \u00e9l sabe muy bien \u00a0ya no hay que \u00a0mirarla. Terminan los vasos, traen m\u00e1s tragos, de \u00e9l y de ellos.<\/p>\n<p>El bar est\u00e1 repleto., La noche est\u00e1 ah\u00ed afuera.. Ella le \u00a0esta diciendo qu\u00e9 raro que no est\u00e1\u2026porque el lunes le hab\u00eda \u00a0hablado y ella le dijo que saldr\u00edan el s\u00e1bado y \u00e9l le asegur\u00f3 que vendr\u00edan \u00e9l y el hermano. Del lunes que dijo de venir al s\u00e1bado que no vino, ella subi\u00f3 y baj\u00f3 pisos (pronto oculta el abrigo de capucha junto con el miedo de que llueva), estacion\u00f3 el auto, camin\u00f3 al trabajo, camin\u00f3 de regreso (acomoda al levantarse el plisado de la pollera), arranc\u00f3 y sali\u00f3 para su casa cada d\u00eda de la semana. Conversando van las chicas con \u00edntimo acuerdo se despegan del calor se mezclan en la terraza, aire libre y cumbia, se ponen a bailar.<\/p>\n<p>Se para sin soltar su lugar de la barra en el patio para entregarle la banqueta a unas chicas que arrimaron en enjambre, saludan y r\u00eden como un tarro de mermelada brillante. \u00c9l se abstrae en el perfume de su cuello. Le revolotean, lo distraen. En las cejas, un disgusto que disimula con la sonrisa y un entrevero de simpat\u00edas. \u00ab\u00a1 Te convidamos un trago!\u00bb, nombres, otra sonrisa para salir sin provocar al avispero. En el apuro deja el chopp en la barra, con las manos libres sube. En las mesas o de pie hombres y mujeres murmuran, charlan, escuchan; prestan atenci\u00f3n entregan un gesto de comprensi\u00f3n, miran otras caras. Las manos se extienden para entregar tiques o billetes; van, vienen con bandejas y jarras. Qu\u00e9 calor.<\/p>\n<p>Solo, mira hasta con el dorso de las manos: las piernas se flexionan, los zapatos taconean, un meneo y el plisado se despliega. \u00a1A \u00e9l siempre le gust\u00f3 la cumbia!<\/p>\n<p>Qu\u00e9 calor, solo \u00a0llamativo perfumado -como recortado del bullicio- sale a la terraza.<\/p>\n<p>Ella lo sinti\u00f3\u00a0movi\u00e9ndose en la pista \u00a0hasta con las etiquetas \u00a0de la ropa interior,. Lento el suelo gira en comp\u00e1s colectivo, sin prisa la dulzura se escurre en el meneo en una sostenida mezcla de medias vueltas y pasos al costado.<\/p>\n<p>Aqu\u00ed bailan, de noche, sin techo. Se bancan el sacudir del viento en los peinados el revuelo del baile en los escotes.<\/p>\n<p>Ella quiere sentirlo otra vez, su amiga ya est\u00e1 enterada, el brillo de la atracci\u00f3n se le nota. Por \u00e9l los labios se separan, ceden un pasadizo que cruza el aire, sin palabras ella ya le habl\u00f3.<\/p>\n<p>Contando lo que queda: m\u00e1s noche pas\u00f3 bailando, ella se cuida de mirarlo a los ojos, \u00e9l esconde que quiere acariciarla. M\u00e1s noche pasa ella le susurra \u00e9l sonr\u00ede. M\u00e1s noche para los sabores y los olores.<\/p>\n<p>&nbsp;<\/p>\n","protected":false},"excerpt":{"rendered":"<p>A trav\u00e9s del perfume, con copia de sonrisa (porque no era a quien \u00a0ella esperaba) desenfund\u00f3 presencia y le anul\u00f3 el bosquejo que ten\u00eda dibujado al elegir la ropa. Por llegar a tiempo otro se encontr\u00f3 con la conversaci\u00f3n lubricada \u00bfqui\u00e9n sabe de cu\u00e1l de los dos es la parada? A pesar de la cabala,&#8230;<\/p>\n","protected":false},"author":2,"featured_media":0,"parent":0,"menu_order":0,"comment_status":"closed","ping_status":"closed","template":"","meta":{"footnotes":""},"class_list":["post-562","page","type-page","status-publish","hentry"],"_links":{"self":[{"href":"https:\/\/www.poesiadebettinarocha.com.ar\/index.php?rest_route=\/wp\/v2\/pages\/562","targetHints":{"allow":["GET"]}}],"collection":[{"href":"https:\/\/www.poesiadebettinarocha.com.ar\/index.php?rest_route=\/wp\/v2\/pages"}],"about":[{"href":"https:\/\/www.poesiadebettinarocha.com.ar\/index.php?rest_route=\/wp\/v2\/types\/page"}],"author":[{"embeddable":true,"href":"https:\/\/www.poesiadebettinarocha.com.ar\/index.php?rest_route=\/wp\/v2\/users\/2"}],"replies":[{"embeddable":true,"href":"https:\/\/www.poesiadebettinarocha.com.ar\/index.php?rest_route=%2Fwp%2Fv2%2Fcomments&post=562"}],"version-history":[{"count":1,"href":"https:\/\/www.poesiadebettinarocha.com.ar\/index.php?rest_route=\/wp\/v2\/pages\/562\/revisions"}],"predecessor-version":[{"id":564,"href":"https:\/\/www.poesiadebettinarocha.com.ar\/index.php?rest_route=\/wp\/v2\/pages\/562\/revisions\/564"}],"wp:attachment":[{"href":"https:\/\/www.poesiadebettinarocha.com.ar\/index.php?rest_route=%2Fwp%2Fv2%2Fmedia&parent=562"}],"curies":[{"name":"wp","href":"https:\/\/api.w.org\/{rel}","templated":true}]}}