{"id":63,"date":"2015-03-10T18:41:00","date_gmt":"2015-03-10T18:41:00","guid":{"rendered":"http:\/\/www.poesiadebettinarocha.com\/?page_id=63"},"modified":"2025-07-18T13:13:52","modified_gmt":"2025-07-18T13:13:52","slug":"9-2","status":"publish","type":"page","link":"https:\/\/www.poesiadebettinarocha.com.ar\/?page_id=63","title":{"rendered":"9"},"content":{"rendered":"<table style=\"width: 102.774%;\">\n<tbody>\n<tr>\n<td style=\"width: 96.6102%;\">9<\/p>\n<p>Quiero vivir en el mundo de<br \/>\nlas amapolas blancas<br \/>\ndel tr\u00e1gico blanco encandilador<\/p>\n<p>Dame mis lentes de sol:<br \/>\nEst\u00e1n afuera de este mundo,<br \/>\npero podr\u00edan entrar<\/p>\n<p>9<\/p>\n<p>I want to l\u00edve in the world of<br \/>\nwhite poppies<br \/>\nof the tragic stirring white<\/p>\n<p>Give me my sunglasses:<br \/>\nThey are outside this world,<br \/>\nbut they may enter<\/td>\n<td style=\"width: 380.932%;\"><\/td>\n<\/tr>\n<\/tbody>\n<\/table>\n<p>&nbsp;<\/p>\n","protected":false},"excerpt":{"rendered":"<p>9 Quiero vivir en el mundo de las amapolas blancas del tr\u00e1gico blanco encandilador Dame mis lentes de sol: Est\u00e1n afuera de este mundo, pero podr\u00edan entrar 9 I want to l\u00edve in the world of white poppies of the tragic stirring white Give me my sunglasses: They are outside this world, but they may&#8230;<\/p>\n","protected":false},"author":2,"featured_media":0,"parent":5,"menu_order":0,"comment_status":"closed","ping_status":"open","template":"","meta":{"footnotes":""},"class_list":["post-63","page","type-page","status-publish","hentry"],"_links":{"self":[{"href":"https:\/\/www.poesiadebettinarocha.com.ar\/index.php?rest_route=\/wp\/v2\/pages\/63","targetHints":{"allow":["GET"]}}],"collection":[{"href":"https:\/\/www.poesiadebettinarocha.com.ar\/index.php?rest_route=\/wp\/v2\/pages"}],"about":[{"href":"https:\/\/www.poesiadebettinarocha.com.ar\/index.php?rest_route=\/wp\/v2\/types\/page"}],"author":[{"embeddable":true,"href":"https:\/\/www.poesiadebettinarocha.com.ar\/index.php?rest_route=\/wp\/v2\/users\/2"}],"replies":[{"embeddable":true,"href":"https:\/\/www.poesiadebettinarocha.com.ar\/index.php?rest_route=%2Fwp%2Fv2%2Fcomments&post=63"}],"version-history":[{"count":5,"href":"https:\/\/www.poesiadebettinarocha.com.ar\/index.php?rest_route=\/wp\/v2\/pages\/63\/revisions"}],"predecessor-version":[{"id":627,"href":"https:\/\/www.poesiadebettinarocha.com.ar\/index.php?rest_route=\/wp\/v2\/pages\/63\/revisions\/627"}],"up":[{"embeddable":true,"href":"https:\/\/www.poesiadebettinarocha.com.ar\/index.php?rest_route=\/wp\/v2\/pages\/5"}],"wp:attachment":[{"href":"https:\/\/www.poesiadebettinarocha.com.ar\/index.php?rest_route=%2Fwp%2Fv2%2Fmedia&parent=63"}],"curies":[{"name":"wp","href":"https:\/\/api.w.org\/{rel}","templated":true}]}}