{"id":65,"date":"2015-03-10T18:41:40","date_gmt":"2015-03-10T18:41:40","guid":{"rendered":"http:\/\/www.poesiadebettinarocha.com\/?page_id=65"},"modified":"2025-07-18T13:15:08","modified_gmt":"2025-07-18T13:15:08","slug":"10-2","status":"publish","type":"page","link":"https:\/\/www.poesiadebettinarocha.com.ar\/?page_id=65","title":{"rendered":"10"},"content":{"rendered":"<table style=\"width: 100.822%;\">\n<tbody>\n<tr>\n<td style=\"width: 95.8115%;\">10<\/p>\n<p>Afinada la mente<br \/>\npara la m\u00fasica<br \/>\ndel coraz\u00f3n<\/p>\n<p>sonar\u00e1 crash<br \/>\nel choque de los cuerpos<br \/>\nen el aire<\/p>\n<p>10<\/p>\n<p>Mind in tune<br \/>\nfor the music<br \/>\nof the heart<\/p>\n<p>it will sound crash<br \/>\nthe collision of the bodies<br \/>\nin the air<\/td>\n<td style=\"width: 490.052%;\"><\/td>\n<\/tr>\n<\/tbody>\n<\/table>\n<p>&nbsp;<\/p>\n","protected":false},"excerpt":{"rendered":"<p>10 Afinada la mente para la m\u00fasica del coraz\u00f3n sonar\u00e1 crash el choque de los cuerpos en el aire 10 Mind in tune for the music of the heart it will sound crash the collision of the bodies in the air &nbsp;<\/p>\n","protected":false},"author":2,"featured_media":0,"parent":5,"menu_order":0,"comment_status":"closed","ping_status":"open","template":"","meta":{"footnotes":""},"class_list":["post-65","page","type-page","status-publish","hentry"],"_links":{"self":[{"href":"https:\/\/www.poesiadebettinarocha.com.ar\/index.php?rest_route=\/wp\/v2\/pages\/65","targetHints":{"allow":["GET"]}}],"collection":[{"href":"https:\/\/www.poesiadebettinarocha.com.ar\/index.php?rest_route=\/wp\/v2\/pages"}],"about":[{"href":"https:\/\/www.poesiadebettinarocha.com.ar\/index.php?rest_route=\/wp\/v2\/types\/page"}],"author":[{"embeddable":true,"href":"https:\/\/www.poesiadebettinarocha.com.ar\/index.php?rest_route=\/wp\/v2\/users\/2"}],"replies":[{"embeddable":true,"href":"https:\/\/www.poesiadebettinarocha.com.ar\/index.php?rest_route=%2Fwp%2Fv2%2Fcomments&post=65"}],"version-history":[{"count":4,"href":"https:\/\/www.poesiadebettinarocha.com.ar\/index.php?rest_route=\/wp\/v2\/pages\/65\/revisions"}],"predecessor-version":[{"id":628,"href":"https:\/\/www.poesiadebettinarocha.com.ar\/index.php?rest_route=\/wp\/v2\/pages\/65\/revisions\/628"}],"up":[{"embeddable":true,"href":"https:\/\/www.poesiadebettinarocha.com.ar\/index.php?rest_route=\/wp\/v2\/pages\/5"}],"wp:attachment":[{"href":"https:\/\/www.poesiadebettinarocha.com.ar\/index.php?rest_route=%2Fwp%2Fv2%2Fmedia&parent=65"}],"curies":[{"name":"wp","href":"https:\/\/api.w.org\/{rel}","templated":true}]}}